{"id":233,"date":"2018-02-18T18:28:20","date_gmt":"2018-02-18T18:28:20","guid":{"rendered":"https:\/\/plg.eu.com\/?page_id=233"},"modified":"2018-07-05T07:57:54","modified_gmt":"2018-07-05T07:57:54","slug":"herzlich-willkommen-auf-der-website-von-plg","status":"publish","type":"page","link":"https:\/\/plg.eu.com\/de\/herzlich-willkommen-auf-der-website-von-plg\/","title":{"rendered":"Herzlich willkommen auf der Website von PLG"},"content":{"rendered":"<div id=\"pl-233\"  class=\"panel-layout\" ><div id=\"pg-233-0\"  class=\"panel-grid panel-has-style\" ><div class=\"panel-row-style panel-row-style-for-233-0\" ><div id=\"pgc-233-0-0\"  class=\"panel-grid-cell\" ><div id=\"panel-233-0-0-0\" class=\"so-panel widget widget_sow-editor panel-first-child panel-last-child\" data-index=\"0\" ><div\n\t\t\t\n\t\t\tclass=\"so-widget-sow-editor so-widget-sow-editor-base\"\n\t\t\t\n\t\t>\n<div class=\"siteorigin-widget-tinymce textwidget\">\n\t<p><img decoding=\"async\" class=\"alignnone size-full wp-image-237\" src=\"https:\/\/plg.eu.com\/wp-content\/uploads\/2018\/02\/istock_000017370553_medium_-_austria__final_.jpg\" alt=\"\" width=\"1024\" height=\"306\" srcset=\"https:\/\/plg.eu.com\/wp-content\/uploads\/2018\/02\/istock_000017370553_medium_-_austria__final_.jpg 1024w, https:\/\/plg.eu.com\/wp-content\/uploads\/2018\/02\/istock_000017370553_medium_-_austria__final_-300x90.jpg 300w, https:\/\/plg.eu.com\/wp-content\/uploads\/2018\/02\/istock_000017370553_medium_-_austria__final_-768x230.jpg 768w\" sizes=\"(max-width: 1024px) 100vw, 1024px\" \/><\/p>\n<p>Die PLG Website ist derzeit nur in englischer Sprache verf\u00fcgbar. Die Webseiten unserer weltweit ans\u00e4ssigen Mitglieder sind jedoch mindestens in zwei Sprachen (neben der Landessprache noch in Englisch) abrufbar. Zahlreiche Seiten sind zudem in mehr als zwei Sprachen verf\u00fcgbar. Um die individuelle Webseite einer unserer Mitgliedskanzleien zu finden, k\u00f6nnen Sie sowohl die Suchfunktion als auch die PLG World Map auf der Startseite verwenden.<\/p>\n<h3><strong>Wie alles begann<\/strong><\/h3>\n<p>PLG wurde 1989 von Anw\u00e4lten aus Gro\u00dfbritannien, Belgien, Frankreich, Spanien und Italien gegr\u00fcndet und war Europas erste internationale Vereinigung von Anwaltskanzleien in Form der damals neu geschaffenen Europ\u00e4ischen Wirtschaftlichen Interessenvereinigung (EWIV).<br \/> Unser Wunsch die \"1. EWIV\" \u00fcberhaupt zu werden, hat sich fast erf\u00fcllt. Immerhin wurden wir als die \"EWIV Nr. 2\" in Br\u00fcssel eingetragen.<br \/> Von Anfang war es uns wichtig, nicht ein weiterer \"Club\" von Anw\u00e4lten zu werden. Wir wollten und mussten anders sein und arbeiten. Wir haben uns f\u00fcr die starke Verbundenheit zwischen PLG und seinen Mitgliedern entschieden und daf\u00fcr, dass die Beziehung unter den Mitgliedskanzleien auf best\u00e4ndigem Vertrauen und Freundschaft basieren soll.<\/p>\n<h3><strong>Globale Kenntnis - lokale Beratung<\/strong><\/h3>\n<p>Seit der Gr\u00fcndung von PLG vor 29 Jahren beobachten wir die zunehmende Globalisierung der M\u00e4rkte, durch die das rechtliche Umfeld immer komplexer wird. Noch mehr als bei der Gr\u00fcndung von PLG im Jahre 1988, ist es heute unerl\u00e4sslich, grenz\u00fcberschreitenden Rechtsfragen aus einem globalen Blickwinkel zu begegnen. Wegen seiner Vorgehensweise und Internationalit\u00e4t, ist PLG der ideale Ansprechpartner f\u00fcr Fragen des grenz\u00fcberschreitenden Wirtschaftsrechts.<\/p>\n<p>&nbsp;<\/p>\n<blockquote>\n<p>PLG bietet die ideale Alternative zu den \"gro\u00dfen internationalen Anwaltskanzleien\"<\/p>\n<\/blockquote>\n<p>&nbsp;<\/p>\n<p>Mit unserem Netzwerk von unabh\u00e4ngigen mittelst\u00e4ndischen Kanzleien bieten wir alle Vorteile einer weltweit t\u00e4tigen Kanzlei und dar\u00fcber hinaus den Vorzug der Zusammenarbeit mit einer traditionellen Kanzlei, in der die Partner noch den pers\u00f6nlichen Kontakt und die Beziehung zum Mandanten pflegen. Uns ist es wichtig, die Bed\u00fcrfnisse unserer Mandanten zu verstehen und sie individuell durch unsere Anw\u00e4lte zu beraten, die sich mit internationalen Wirtschaftsthemen und grenz\u00fcberschreitende Rechtsfragen auskennen.<\/p>\n<p>Wir legen besonders viel Wert darauf, nicht nur rechtliche und sprachliche Br\u00fccken zu schlagen, sondern auch kulturelle Unterscheide zwischen Verhandlungspartnern auszugleichen. Aus diesem Grund w\u00fcnschen viele unserer Mandanten einer m\u00f6glichst fr\u00fchen Einbindung von PLG Anw\u00e4lten in ihre Verhandlungen. Viele unserer Anw\u00e4lte sprechen mehrere Sprachen und erm\u00f6glichen es den Mandanten damit, ihre Gesch\u00e4fte im Ausland in ihrer vertrauten Sprache zu f\u00fchren.<\/p>\n<p>Jede Mitgliedskanzlei kann auch auf die B\u00fcros der anderen PLG-Kanzleien zur\u00fcckgreifen, um sie f\u00fcr Gesch\u00e4ftstreffen von Mandanten zu nutzen und sich dabei bei Bedarf von Dolmetschern und Anw\u00e4lten aus dem jeweiligen Land unterst\u00fctzen zu lassen.<br \/> Seit 1988 hat sich PLG stetig erweitert und verf\u00fcgt mittlerweile \u00fcber 28 Mitglieder in mehr als 50 St\u00e4dten und 32 L\u00e4ndern und das nicht nur in der EU, sondern in allen Teilen der Welt mit mehr als 1100 Anw\u00e4lten und Notaren.<\/p>\n<p>&nbsp;<\/p>\n<p>Jedes PLG-Mitglied ist eine separate und unabh\u00e4ngige lokal t\u00e4tige Kanzlei - und jeweils eine angesehenen Kanzlei ihres Landes.<\/p>\n<p>&nbsp;<\/p>\n<p>PLG hat sein zentrales B\u00fcro im Herzen Europas, in Luxemburg, das hauptamtlich von Frau Rebecca Lee geleitet wird.<\/p>\n<\/div>\n<\/div><\/div><\/div><\/div><\/div><\/div>","protected":false},"excerpt":{"rendered":"<p>Die PLG Website ist derzeit nur in englischer Sprache verf\u00fcgbar. Die Webseiten unserer weltweit ans\u00e4ssigen Mitglieder sind jedoch mindestens in zwei Sprachen (neben der Landessprache noch in Englisch) abrufbar. Zahlreiche Seiten sind zudem in mehr als zwei Sprachen verf\u00fcgbar. Um die individuelle Webseite einer unserer Mitgliedskanzleien zu finden, k\u00f6nnen Sie sowohl die Suchfunktion als auch<\/p>\n","protected":false},"author":8,"featured_media":0,"parent":0,"menu_order":0,"comment_status":"closed","ping_status":"closed","template":"","meta":{"footnotes":""},"class_list":["post-233","page","type-page","status-publish","hentry"],"aioseo_notices":[],"_links":{"self":[{"href":"https:\/\/plg.eu.com\/de\/wp-json\/wp\/v2\/pages\/233","targetHints":{"allow":["GET"]}}],"collection":[{"href":"https:\/\/plg.eu.com\/de\/wp-json\/wp\/v2\/pages"}],"about":[{"href":"https:\/\/plg.eu.com\/de\/wp-json\/wp\/v2\/types\/page"}],"author":[{"embeddable":true,"href":"https:\/\/plg.eu.com\/de\/wp-json\/wp\/v2\/users\/8"}],"replies":[{"embeddable":true,"href":"https:\/\/plg.eu.com\/de\/wp-json\/wp\/v2\/comments?post=233"}],"version-history":[{"count":5,"href":"https:\/\/plg.eu.com\/de\/wp-json\/wp\/v2\/pages\/233\/revisions"}],"predecessor-version":[{"id":975,"href":"https:\/\/plg.eu.com\/de\/wp-json\/wp\/v2\/pages\/233\/revisions\/975"}],"wp:attachment":[{"href":"https:\/\/plg.eu.com\/de\/wp-json\/wp\/v2\/media?parent=233"}],"curies":[{"name":"wp","href":"https:\/\/api.w.org\/{rel}","templated":true}]}}