{"id":4616,"date":"2017-06-21T00:17:59","date_gmt":"2017-06-21T00:17:59","guid":{"rendered":"https:\/\/plg.eu.com\/home-classic\/"},"modified":"2021-04-28T06:58:15","modified_gmt":"2021-04-28T04:58:15","slug":"home-classic","status":"publish","type":"page","link":"https:\/\/plg.eu.com\/es\/","title":{"rendered":"Home"},"content":{"rendered":"<div class=\"wpb-content-wrapper\"><p>[vc_row full_width=\u00bbstretch_row\u00bb gap=\u00bb30&#8243; css=\u00bb.vc_custom_1619452499670{margin-top: 30px !important;padding-top: 30px !important;}\u00bb][vc_column css=\u00bb.vc_custom_1498093136184{padding-top: 0px !important;}\u00bb][vc_column_text]<img decoding=\"async\" class=\"size-full wp-image-253 aligncenter\" src=\"https:\/\/plg.eu.com\/wp-content\/uploads\/2018\/02\/istock_000013986376_medium_-_spain__final_.jpg\" alt=\"\" width=\"1024\" height=\"301\" srcset=\"https:\/\/plg.eu.com\/wp-content\/uploads\/2018\/02\/istock_000013986376_medium_-_spain__final_.jpg 1024w, https:\/\/plg.eu.com\/wp-content\/uploads\/2018\/02\/istock_000013986376_medium_-_spain__final_-300x88.jpg 300w, https:\/\/plg.eu.com\/wp-content\/uploads\/2018\/02\/istock_000013986376_medium_-_spain__final_-768x226.jpg 768w\" sizes=\"(max-width: 1024px) 100vw, 1024px\" \/><\/p>\n<p>La p\u00e1gina de PLG se encuentra actualmente solo disponible en versi\u00f3n inglesa. Sin embargo, las p\u00e1ginas web de cada uno de los miembros de nuestra asociaci\u00f3n en todo el mundo est\u00e1n disponibles en, al menos, dos idiomas: su idioma local e ingl\u00e9s. Alguna de ellas incluso se encuentra disponible en m\u00e1s de dos idiomas. Si desea consultar las p\u00e1ginas web de nuestros miembros,<strong>utilice la funci\u00f3n de b\u00fasqueda o el mapa mundial de PLG<\/strong>.<\/p>\n<h3><strong>Nuestros comienzos<\/strong><\/h3>\n<p>PLG se fund\u00f3 en\u00a01988 por un grupo de abogados del Reino Unido, B\u00e9lgica, Francia, Espa\u00f1a e Italia, convirti\u00e9ndose en la primera asociaci\u00f3n de pr\u00e1ctica del derecho de car\u00e1cter internacional. Se adopt\u00f3 la por entonces novedosa estructura de Agrupaci\u00f3n Europea de Inter\u00e9s Econ\u00f3mico (en ingl\u00e9s, EEIG). Aunque nuestra intenci\u00f3n era ser la primera EEIG de la historia, se nos adelantaron y nos convertimos en la segunda EEIG registrada en Bruselas.<\/p>\n<p>Nuestra pretensi\u00f3n desde el principio era no convertirnos en otro \u00abclub\u00bb de abogados. Quer\u00edamos y deb\u00edamos ser diferentes y trabajar de manera diferente y nuestra intenci\u00f3n fue siempre que los v\u00ednculos entre PLG y las firmas miembro fueran s\u00f3lidos y que la relaci\u00f3n entre las empresas se basara en una confianza y amistad duraderas.<\/p>\n<h3><strong>Conocimiento global, servicio local<\/strong><\/h3>\n<p>Durante los 29 a\u00f1os que han transcurrido desde la creaci\u00f3n de PLG, hemos asistido a la creciente globalizaci\u00f3n de los mercados, lo que ha contribuido a hacer del entorno legal un \u00e1mbito m\u00e1s complejo. En la actualidad, incluso m\u00e1s que en 1988 cuando se form\u00f3 PLG, es esencial adoptar una visi\u00f3n global a la hora de buscar soluciones a asuntos legales que trascienden las fronteras jurisdiccionales. Gracias al enfoque que plantea y al hecho de ser una organizaci\u00f3n internacional, PLG es la soluci\u00f3n ideal para necesidades legales que impliquen m\u00e1s de una jurisdicci\u00f3n.<\/p>\n<blockquote><p>PLG ofrece la alternativa ideal a las grandes firmas legales de car\u00e1cter global<\/p><\/blockquote>\n<p>A trav\u00e9s de una red formada por firmas legales de tama\u00f1o medio, ofrecemos todos los beneficios de una gran empresa global y las ventajas de los despachos tradicionales, donde los socios a\u00fan mantienen el contacto personal y la relaci\u00f3n con sus clientes. Pretendemos comprender las necesidades de nuestros clientes, de forma que los servicios que prestan nuestros socios y abogados, expertos en mercados internacionales y tem\u00e1tica plurijusdiccional, se ajusten espec\u00edficamente a dichas necesidades.<\/p>\n<p>Concedemos especial importancia a la necesidad de limar, no solo las diferencias legales y ling\u00fc\u00edsticas, sino tambi\u00e9n las disparidades culturales entre las partes, y esta es la raz\u00f3n por la que los clientes solicitan la presencia de miembros de PLG ya en la primera fase de la negociaci\u00f3n. Muchos de los abogados de PLG son pluriling\u00fces, lo que posibilita que el cliente pueda controlar su negocio en pa\u00edses extranjeros, utilizando su propio idioma.<\/p>\n<p>Cada una de las firmas miembro de PLG ofrece sus oficinas al resto de los asociados y a sus clientes para la realizaci\u00f3n de reuniones, con o sin la ayuda de int\u00e9rpretes o abogados locales. Desde 1988, PLG ha experimentado un firme crecimiento y en la actualidad cuenta con 28 miembros de m\u00e1s de 50 ciudades en 32 pa\u00edses. Adem\u00e1s de contar con oficinas en un gran n\u00famero de pa\u00edses de la UE, tenemos oficinas asociadas en otros lugares del mundo y contamos con m\u00e1s de 1100 abogados y notarios civiles.<\/p>\n<h3>Cada firma asociada a PLG act\u00faa de forma independiente con respecto al resto, siendo cada una de ellas\u00a0 firma legal de referencia por propio derecho.<\/h3>\n<p>PLG tiene su oficina central en Luxemburgo, en el coraz\u00f3n de Europa. Ah\u00ed donde se sit\u00faa la secretar\u00eda del Grupo, dirigida por\u00a0Rebecca Lee.[\/vc_column_text][\/vc_column][\/vc_row]<\/p>\n<\/div>","protected":false},"excerpt":{"rendered":"<p>[vc_row full_width=\u00bbstretch_row\u00bb gap=\u00bb30&#8243; css=\u00bb.vc_custom_1619452499670{margin-top: 30px !important;padding-top: 30px !important;}\u00bb][vc_column css=\u00bb.vc_custom_1498093136184{padding-top: 0px !important;}\u00bb][vc_column_text] La p\u00e1gina de PLG se encuentra actualmente solo disponible en versi\u00f3n inglesa. Sin embargo, las p\u00e1ginas web de cada uno de los miembros de nuestra asociaci\u00f3n en todo el mundo est\u00e1n disponibles en, al menos, dos idiomas: su idioma local e ingl\u00e9s. Alguna de<\/p>\n","protected":false},"author":8,"featured_media":0,"parent":0,"menu_order":0,"comment_status":"closed","ping_status":"closed","template":"","meta":{"footnotes":""},"class_list":["post-4616","page","type-page","status-publish","hentry"],"aioseo_notices":[],"_links":{"self":[{"href":"https:\/\/plg.eu.com\/es\/wp-json\/wp\/v2\/pages\/4616","targetHints":{"allow":["GET"]}}],"collection":[{"href":"https:\/\/plg.eu.com\/es\/wp-json\/wp\/v2\/pages"}],"about":[{"href":"https:\/\/plg.eu.com\/es\/wp-json\/wp\/v2\/types\/page"}],"author":[{"embeddable":true,"href":"https:\/\/plg.eu.com\/es\/wp-json\/wp\/v2\/users\/8"}],"replies":[{"embeddable":true,"href":"https:\/\/plg.eu.com\/es\/wp-json\/wp\/v2\/comments?post=4616"}],"version-history":[{"count":2,"href":"https:\/\/plg.eu.com\/es\/wp-json\/wp\/v2\/pages\/4616\/revisions"}],"predecessor-version":[{"id":4629,"href":"https:\/\/plg.eu.com\/es\/wp-json\/wp\/v2\/pages\/4616\/revisions\/4629"}],"wp:attachment":[{"href":"https:\/\/plg.eu.com\/es\/wp-json\/wp\/v2\/media?parent=4616"}],"curies":[{"name":"wp","href":"https:\/\/api.w.org\/{rel}","templated":true}]}}