{"id":231,"date":"2018-02-18T18:18:05","date_gmt":"2018-02-18T18:18:05","guid":{"rendered":"https:\/\/plg.eu.com\/?page_id=231"},"modified":"2018-07-05T07:56:10","modified_gmt":"2018-07-05T07:56:10","slug":"bienvenue-sur-le-site-web-du-plg","status":"publish","type":"page","link":"https:\/\/plg.eu.com\/fr\/bienvenue-sur-le-site-web-du-plg\/","title":{"rendered":"Bienvenue sur le site web du PLG !"},"content":{"rendered":"<div id=\"pl-231\"  class=\"panel-layout\" ><div id=\"pg-231-0\"  class=\"panel-grid panel-has-style\" ><div class=\"panel-row-style panel-row-style-for-231-0\" ><div id=\"pgc-231-0-0\"  class=\"panel-grid-cell\" ><div id=\"panel-231-0-0-0\" class=\"so-panel widget widget_sow-editor panel-first-child panel-last-child\" data-index=\"0\" ><div\n\t\t\t\n\t\t\tclass=\"so-widget-sow-editor so-widget-sow-editor-base\"\n\t\t\t\n\t\t>\n<div class=\"siteorigin-widget-tinymce textwidget\">\n\t<p><img decoding=\"async\" class=\"alignnone size-full wp-image-236\" src=\"https:\/\/plg.eu.com\/wp-content\/uploads\/2018\/02\/istock_000016432611_large_-_banner.jpg\" alt=\"\" width=\"1024\" height=\"302\" srcset=\"https:\/\/plg.eu.com\/wp-content\/uploads\/2018\/02\/istock_000016432611_large_-_banner.jpg 1024w, https:\/\/plg.eu.com\/wp-content\/uploads\/2018\/02\/istock_000016432611_large_-_banner-300x88.jpg 300w, https:\/\/plg.eu.com\/wp-content\/uploads\/2018\/02\/istock_000016432611_large_-_banner-768x227.jpg 768w\" sizes=\"(max-width: 1024px) 100vw, 1024px\" \/><\/p>\n<p><span class=\"short_text\"><span class=\"hps\">Notre site internet est actuellement accessible en langue anglaise uniquement. Cependant, chaque cabinet membre du PLG poss\u00e8de son propre site, disponible \u00e0 minima dans sa langue locale ainsi qu'en anglais. Certains d'entre eux sont par ailleurs traduits en d'autres langues compl\u00e9mentaires.<\/span><\/span><span class=\"short_text\"><span class=\"hps\">Pour\u00a0consulter les sites internet de nos membres,\u00a0<strong>vous pouvez utiliser la fonction \"recherche\" ou le \"mapping\" du PLG, plac\u00e9s sur notre page d'accueil<\/strong>.<\/span><\/span><\/p>\n<h3><strong><span class=\"short_text\"><span class=\"hps\">L'origine du PLG<\/span><\/span><\/strong><\/h3>\n<p><span class=\"short_text\"><span class=\"hps\">Le PLG a \u00e9t\u00e9 fond\u00e9 en\u00a01988 par des avocats britanniques, belges, fran\u00e7ais, espagnols et italiens.\u00a0 Il s'agissait de la toute premi\u00e8re structure europ\u00e9enne int\u00e9grant une multiplicit\u00e9 d'expertises \u00e0 l'international, qui a pris la forme, alors nouvellement cr\u00e9\u00e9e, d'un Groupement Europ\u00e9en d'Int\u00e9r\u00eat Economique (GEIE).<\/span><\/span><\/p>\n<p><span class=\"short_text\"><span class=\"hps\">Nous poursuivions l'objectif d'\u00eatre le premier GEIE existant, mais nous avons \u00e9t\u00e9 devanc\u00e9s\u2026 Nous avons finalement \u00e9t\u00e9 enregistr\u00e9s \u00e0 Bruxelles comme \u00e9tant le second GEIE !<br \/> <\/span><\/span><\/p>\n<p><span class=\"short_text\"><span class=\"hps\">Notre premier souhait a \u00e9t\u00e9 d'\u00e9viter de mettre en place un \u00e9ni\u00e8me \u00ab club \u00bb d'avocats. Notre volont\u00e9 et notre vocation ont \u00e9t\u00e9 d'\u00eatre diff\u00e9rent et de travailler diff\u00e9remment. Pour cela, nous avons mis\u00e9 sur des liens forts entre le PLG et les cabinets membres, et sur l'instauration de relations durables, de confiance et d'amiti\u00e9 entre les membres du r\u00e9seau.<\/span><\/span><\/p>\n<h3><strong><span class=\"short_text\"><span class=\"hps\">Un savoir-faire international, un service local<\/span><\/span><\/strong><\/h3>\n<p><span class=\"short_text\"><span class=\"hps\">Au cours des 29 ann\u00e9es qui ont suivi la cr\u00e9ation du PLG,\u00a0 nous avons assist\u00e9 \u00e0 une mondialisation croissante des march\u00e9s, renfor\u00e7ant la complexit\u00e9 de l'environnement juridique.\u00a0 Plus que jamais, il est n\u00e9cessaire de r\u00e9ussir \u00e0 avoir une vision globale lorsque vous cherchez des solutions juridiques cross-juridictionnelles. De par son approche et son organisation internationale, le PLG est la solution id\u00e9ale pour r\u00e9pondre aux exigences l\u00e9gales multi-juridictionnelles du milieu des affaires.<\/span><\/span><\/p>\n<blockquote>\n<p><span class=\"short_text\"><span class=\"hps\">PLG : une alternative id\u00e9ale aux cabinets d'avocats mondiaux<\/span><\/span><\/p>\n<h3>\u00a0<\/h3>\n<\/blockquote>\n<p><span class=\"short_text\"><span class=\"hps\">A travers notre r\u00e9seau de cabinets d'avocats, tous ind\u00e9pendants et de taille moyenne, nous offrons tous les avantages d'une grande entreprise mondiale, mais en apportant \u00e0 nos clients la possibilit\u00e9 de travailler avec des cabinets traditionnels, au sein desquels les avocats et associ\u00e9s accordent une place privil\u00e9gi\u00e9e aux relations humaines et au contact personnel avec chacun de leurs clients. Nous nous attachons \u00e0 comprendre les besoins de nos clients et \u00e0 fournir les services ad\u00e9quats, gr\u00e2ce aux avocats d'exp\u00e9rience constituant notre r\u00e9seau, qui maitrisent les rouages des affaires internationales et multi-juridictionnelles.<\/span><\/span><\/p>\n<p><span class=\"short_text\"><span class=\"hps\">Nous accordons une importance particuli\u00e8re, non seulement aux diff\u00e9rences juridiques et linguistiques, mais aussi aux diff\u00e9rences culturelles qui peuvent exister entre les parties n\u00e9gociantes. De fait, nos clients sollicitent les avocats membres du PLG pour \u00eatre pr\u00e9sents d\u00e8s les d\u00e9buts des n\u00e9gociations commerciales. La plupart des avocats du PLG maitrise plusieurs langues \u00e9trang\u00e8res, permettant alors au client de d\u00e9velopper ses affaires \u00e0 l'\u00e9tranger, tout en pratiquant au quotidien sa langue maternelle.<\/span><\/span><\/p>\n<p><span class=\"short_text\"><span class=\"hps\">Chaque cabinet du r\u00e9seau PLG met \u00e0 la disposition des autres cabinets membres et de leurs clients ses bureaux pour la tenue de r\u00e9unions d'affaires, avec ou sans l'aide d'interpr\u00e8tes ou d'avocats locaux.<\/span><\/span><\/p>\n<p><span class=\"short_text\"><span class=\"hps\">Depuis 1988, le PLG n'a eu de cesse de grandir, et compte d\u00e9sormais 28 membres\u00a0 install\u00e9s dans plus de 50 villes de 32 pays et 4 continents. Outre les bureaux mis \u00e0 disposition dans la plupart des pays d'Europe, nous avons des bureaux partenaires dans le monde entier, portant le nombre de correspondants \u00e0 plus de 1100 avocats et notaires.<\/span><\/span><\/p>\n<h3><span class=\"short_text\"><span class=\"hps\">Chaque cabinet membre du PLG est une structure distincte et ind\u00e9pendante, exer\u00e7ant le droit dans son propre pays, et dont l'expertise est largement reconnue.<\/span><\/span><\/h3>\n<h3>\u00a0<\/h3>\n<p><span class=\"short_text\"><span class=\"hps\">Le si\u00e8ge social du PLG est situ\u00e9 \u00e0 Luxembourg, au coeur de l'Europe.\u00a0 Il est anim\u00e9 par Rebecca Lee, qui g\u00e8re \u00e0 plein temps le secr\u00e9tariat du PLG.<\/span><\/span><\/p>\n<\/div>\n<\/div><\/div><\/div><\/div><\/div><\/div>","protected":false},"excerpt":{"rendered":"<p>Notre site internet est actuellement accessible en langue anglaise uniquement. Cependant, chaque cabinet membre du PLG poss\u00e8de son propre site, disponible \u00e0 minima dans sa langue locale ainsi qu&#8217;en anglais. Certains d&#8217;entre eux sont par ailleurs traduits en d&#8217;autres langues compl\u00e9mentaires.Pour\u00a0consulter les sites internet de nos membres,\u00a0vous pouvez utiliser la fonction &#8220;recherche&#8221; ou le &#8220;mapping&#8221;<\/p>\n","protected":false},"author":8,"featured_media":0,"parent":0,"menu_order":0,"comment_status":"closed","ping_status":"closed","template":"","meta":{"footnotes":""},"class_list":["post-231","page","type-page","status-publish","hentry"],"aioseo_notices":[],"_links":{"self":[{"href":"https:\/\/plg.eu.com\/fr\/wp-json\/wp\/v2\/pages\/231","targetHints":{"allow":["GET"]}}],"collection":[{"href":"https:\/\/plg.eu.com\/fr\/wp-json\/wp\/v2\/pages"}],"about":[{"href":"https:\/\/plg.eu.com\/fr\/wp-json\/wp\/v2\/types\/page"}],"author":[{"embeddable":true,"href":"https:\/\/plg.eu.com\/fr\/wp-json\/wp\/v2\/users\/8"}],"replies":[{"embeddable":true,"href":"https:\/\/plg.eu.com\/fr\/wp-json\/wp\/v2\/comments?post=231"}],"version-history":[{"count":5,"href":"https:\/\/plg.eu.com\/fr\/wp-json\/wp\/v2\/pages\/231\/revisions"}],"predecessor-version":[{"id":973,"href":"https:\/\/plg.eu.com\/fr\/wp-json\/wp\/v2\/pages\/231\/revisions\/973"}],"wp:attachment":[{"href":"https:\/\/plg.eu.com\/fr\/wp-json\/wp\/v2\/media?parent=231"}],"curies":[{"name":"wp","href":"https:\/\/api.w.org\/{rel}","templated":true}]}}