{"id":246,"date":"2018-02-18T18:48:44","date_gmt":"2018-02-18T18:48:44","guid":{"rendered":"https:\/\/plg.eu.com\/?page_id=246"},"modified":"2020-07-15T13:29:46","modified_gmt":"2020-07-15T11:29:46","slug":"siamo-lieti-di-darvi-il-benvenuto-sul-sito-web-di-plg","status":"publish","type":"page","link":"https:\/\/plg.eu.com\/it\/siamo-lieti-di-darvi-il-benvenuto-sul-sito-web-di-plg\/","title":{"rendered":"Siamo lieti di darvi il benvenuto sul sito web di PLG"},"content":{"rendered":"<div id=\"pl-246\"  class=\"panel-layout\" ><div id=\"pg-246-0\"  class=\"panel-grid panel-has-style\" ><div class=\"panel-row-style panel-row-style-for-246-0\" ><div id=\"pgc-246-0-0\"  class=\"panel-grid-cell\" ><div id=\"panel-246-0-0-0\" class=\"so-panel widget widget_sow-editor panel-first-child panel-last-child\" data-index=\"0\" ><div\n\t\t\t\n\t\t\tclass=\"so-widget-sow-editor so-widget-sow-editor-base\"\n\t\t\t\n\t\t>\n<div class=\"siteorigin-widget-tinymce textwidget\">\n\t<p><img decoding=\"async\" class=\"alignnone size-full wp-image-250\" src=\"https:\/\/plg.eu.com\/wp-content\/uploads\/2018\/02\/istock_000008761514_medium_-_chile__final_.jpg\" alt=\"\" width=\"1024\" height=\"299\" srcset=\"https:\/\/plg.eu.com\/wp-content\/uploads\/2018\/02\/istock_000008761514_medium_-_chile__final_.jpg 1024w, https:\/\/plg.eu.com\/wp-content\/uploads\/2018\/02\/istock_000008761514_medium_-_chile__final_-300x88.jpg 300w, https:\/\/plg.eu.com\/wp-content\/uploads\/2018\/02\/istock_000008761514_medium_-_chile__final_-768x224.jpg 768w\" sizes=\"(max-width: 1024px) 100vw, 1024px\" \/><\/p>\n<p>Il sito web di PLG \u00e8 al momento disponibile solo in inglese. Tuttavia i siti web locali degli studi legali membri nel mondo sono accessibili almeno in due lingue: la lingua locale e l'inglese. Alcuni di essi lo sono in pi\u00f9 di due lingue. Per consultare i siti web locali dei nostri membri, vi preghiamo di utilizzare la funzione ricerca o la cartina PLG sulla pagina iniziale del sito.<\/p>\n<h3><strong>Come\u00a0tutto ebbe inizzio<\/strong><\/h3>\n<p>PLG venne fondata nel\u00a01988 da legali di Gran Bretagna, Belgio, Francia, Spagna e Italia. Per la prima volta in Europa l'esercizio integrato a livello internazionale della professione forense assunse la forma di Gruppo Europeo di Interesse Economico (GEIE), una struttura allora di recente costituzione. Nostra fu l'ambizione di essere il primo GEIE ad essere mai stato creato ma fummo battuti e fummo pertanto il secondo GEIE ad essere registrato a Bruxelles.<\/p>\n<p>Eravamo determinati fin dall'inizio a non voler costituire l'ennesima \"associazione \" di avvocati. Dovevamo e volevamo essere diversi e lavorare in modo differente. Decidemmo che il legame tra PLG e i suoi membri sarebbe stato forte e le relazioni tra gli studi legali sarebbero state basate su fiducia duratura e amicizia.<\/p>\n<h3><strong>Conoscenza glabale, servizio locale<\/strong><\/h3>\n<p>Nel corso degli ultimi 29 anni dalla costituzione di PLG, abbiamo assistito ad una crescente globalizzazione dei mercati che ha comportato una maggiore complessit\u00e0 dell'ambito legale. Pertanto ora, pi\u00f9 che nel 1988 quando PLG venne creata, appare essenziale avere una visione globale nel ricercare soluzioni a questioni legali trans giurisdizionali. Grazie al suo approccio ed organizzazione internazionale, PLG rappresenta la soluzione ideale per le esigenze commerciali legali multi giurisdizionali.<\/p>\n<blockquote>\n<p>PLG presenta l'alternativa ideale al grande studio legale globale.<\/p>\n<\/blockquote>\n<p>Con una rete di studi legali indipendenti di medie dimensioni siamo in grado di offrire tutti i benefici di un grande studio legale globale, con il vantaggio per i clienti di lavorare con studi tradizionali nei quali il legale ancora mantiene il contatto personale e\u00a0 si relaziona con i propri clienti.<\/p>\n<p>Riconosciamo particolare importanza al bisogno di superare non solo le differenze linguistiche e legali, ma anche le differenze culturali tra le parti negoziali, motivo per cui i clienti spesso richiedono la presenza di legali PLG in trattative negoziali fin dall'inizio. Molti degli avvocati di PLG sono plurilingue, ci\u00f2 permette al cliente di gestire gli affari lontano da casa spesso utilizzando la propria lingua.<\/p>\n<p>Ogni studio PLG mette i suoi uffici e la sua struttura lavorativa a disposizione di tutti gli studi membri e dei loro clienti per incontri d'affari, con o senza l'assistenza di interpreti o legali locali. Dal 1988 PLG si \u00e8 costantemente espansa e ora conta 28 membri in pi\u00f9 di 50 citt\u00e0 in 32 paesi. Oltre ad avere uffici in un grande numero di Paesi dell'Unione Europea, abbiamo studi legali associati in altre parti del mondo, raggruppando pi\u00f9 di 1100 avvocati e notai.<\/p>\n<h3>Ogni studio legale membro di PLG \u00e8 un'entit\u00e0 autonoma ed indipendente che esercita a livello locale - ciascuno \u00e8 uno stimato studio di diritto.<\/h3>\n<p>PLG ha la sua sede centrale a Lussemburgo, nel cuore dell'Europa. L\u00ec si trova la Segreteria di PLG, gestita a tempo pieno da Rebecca Lee.<\/p>\n<\/div>\n<\/div><\/div><\/div><\/div><\/div><\/div>","protected":false},"excerpt":{"rendered":"<p>Il sito web di PLG \u00e8 al momento disponibile solo in inglese. Tuttavia i siti web locali degli studi legali membri nel mondo sono accessibili almeno in due lingue: la lingua locale e l&#8217;inglese. Alcuni di essi lo sono in pi\u00f9 di due lingue. Per consultare i siti web locali dei nostri membri, vi preghiamo<\/p>\n","protected":false},"author":8,"featured_media":0,"parent":0,"menu_order":0,"comment_status":"closed","ping_status":"closed","template":"","meta":{"footnotes":""},"class_list":["post-246","page","type-page","status-publish","hentry"],"aioseo_notices":[],"_links":{"self":[{"href":"https:\/\/plg.eu.com\/it\/wp-json\/wp\/v2\/pages\/246","targetHints":{"allow":["GET"]}}],"collection":[{"href":"https:\/\/plg.eu.com\/it\/wp-json\/wp\/v2\/pages"}],"about":[{"href":"https:\/\/plg.eu.com\/it\/wp-json\/wp\/v2\/types\/page"}],"author":[{"embeddable":true,"href":"https:\/\/plg.eu.com\/it\/wp-json\/wp\/v2\/users\/8"}],"replies":[{"embeddable":true,"href":"https:\/\/plg.eu.com\/it\/wp-json\/wp\/v2\/comments?post=246"}],"version-history":[{"count":5,"href":"https:\/\/plg.eu.com\/it\/wp-json\/wp\/v2\/pages\/246\/revisions"}],"predecessor-version":[{"id":2449,"href":"https:\/\/plg.eu.com\/it\/wp-json\/wp\/v2\/pages\/246\/revisions\/2449"}],"wp:attachment":[{"href":"https:\/\/plg.eu.com\/it\/wp-json\/wp\/v2\/media?parent=246"}],"curies":[{"name":"wp","href":"https:\/\/api.w.org\/{rel}","templated":true}]}}