{"id":259,"date":"2018-02-18T18:59:30","date_gmt":"2018-02-18T18:59:30","guid":{"rendered":"https:\/\/plg.eu.com\/?page_id=259"},"modified":"2018-07-05T08:00:04","modified_gmt":"2018-07-05T08:00:04","slug":"seja-bem-vindo-ao-web-site-da-plg","status":"publish","type":"page","link":"https:\/\/plg.eu.com\/pt-pt\/seja-bem-vindo-ao-web-site-da-plg\/","title":{"rendered":"Seja bem-vindo ao web site da PLG"},"content":{"rendered":"<div id=\"pl-259\"  class=\"panel-layout\" ><div id=\"pg-259-0\"  class=\"panel-grid panel-no-style\" ><div id=\"pgc-259-0-0\"  class=\"panel-grid-cell\" ><div id=\"panel-259-0-0-0\" class=\"so-panel widget widget_sow-editor panel-first-child panel-last-child\" data-index=\"0\" ><div class=\"panel-widget-style panel-widget-style-for-259-0-0-0\" ><div\n\t\t\t\n\t\t\tclass=\"so-widget-sow-editor so-widget-sow-editor-base\"\n\t\t\t\n\t\t>\n<div class=\"siteorigin-widget-tinymce textwidget\">\n\t<p><img decoding=\"async\" class=\"alignnone size-full wp-image-250\" src=\"https:\/\/plg.eu.com\/wp-content\/uploads\/2018\/02\/istock_000008761514_medium_-_chile__final_.jpg\" alt=\"\" width=\"1024\" height=\"299\" srcset=\"https:\/\/plg.eu.com\/wp-content\/uploads\/2018\/02\/istock_000008761514_medium_-_chile__final_.jpg 1024w, https:\/\/plg.eu.com\/wp-content\/uploads\/2018\/02\/istock_000008761514_medium_-_chile__final_-300x88.jpg 300w, https:\/\/plg.eu.com\/wp-content\/uploads\/2018\/02\/istock_000008761514_medium_-_chile__final_-768x224.jpg 768w\" sizes=\"(max-width: 1024px) 100vw, 1024px\" \/><\/p>\n<p>O web site da PLG apenas est\u00e1 dispon\u00edvel em Ingl\u00eas. No entanto, os web sites das nossas firmas-membro espalhadas por todo o mundo est\u00e3o dispon\u00edveis em, pelo menos, duas l\u00ednguas, ex. a l\u00edngua local e Ingl\u00eas. Alguns deles est\u00e3o dispon\u00edveis em mais de duas l\u00ednguas. Para consultar os web sites dos nossos membros, por favor use a fun\u00e7\u00e3o search ou o Mapa Mundo PLG na nossa homepage.<\/p>\n<h3><strong>O Inicio<\/strong><\/h3>\n<p>A PLG foi fundada em\u00a01988 por advogados da Gr\u00e3-Bretanha, B\u00e9lgica, Fran\u00e7a, Espanha e It\u00e1lia. Foi a primeira associa\u00e7\u00e3o de advogados Europeia, sob a forma da, na altura, recente estrutura de Agrupamento Europeu de Interesse econ\u00f3mico (AEIE).<\/p>\n<p>Ambicion\u00e1vamos ser o primeiro AEIE a ser criado, no entanto tornamo-nos no segundo AEIE registado em Bruxelas.<\/p>\n<p>Decidimos que n\u00e3o quer\u00edamos ser outro \"clube\" de advogados. Quer\u00edamos ser diferentes e trabalhar de forma diferente. Decidimos, tamb\u00e9m, que a liga\u00e7\u00e3o entre a PLG e as suas firmas membro deveria ser consistente e a rela\u00e7\u00e3o entre as firmas deveria ser baseada na confian\u00e7a na qualidade de trabalho e amizade entre os seus membros.<\/p>\n<h2>\u00a0<\/h2>\n<h3><strong>Conhecimento global, servi\u00e7o local<\/strong><\/h3>\n<p>Nos \u00faltimos 25 anos, desde a cria\u00e7\u00e3o da PLG, assistimos \u00e0 crescente globaliza\u00e7\u00e3o de mercados, o que originou um ambiente legal mais complexo. Agora, mais do que em 1988 quando a PLG foi criada, \u00e9 essencial ter uma vis\u00e3o global na procura de solu\u00e7\u00f5es para quest\u00f5es legais nas v\u00e1rias \u00e1reas jur\u00eddicas.<\/p>\n<blockquote>\n<p>A PLG \u00e9 a alternativa ideal \u00e0s grandes e globalizadas sociedades de advogados<\/p>\n<\/blockquote>\n<p>Atrav\u00e9s de uma rede de sociedades de advogados independentes e de m\u00e9dia dimens\u00e3o oferecemos todos os benef\u00edcios das grandes sociedades ao mesmo tempo que oferecemos a vantagem de trabalhar com sociedades tradicionais onde os s\u00f3cios ainda mantem o contacto e rela\u00e7\u00e3o pessoal com os seus clientes. Procuramos compreender as necessidades dos nossos clientes e criar servi\u00e7os que preenchem especificamente essas necessidades<\/p>\n<p>Damos particular import\u00e2ncia \u00e0 necessidade de colmatar n\u00e3o s\u00f3 as diferen\u00e7as legais e lingu\u00edsticas, mas tamb\u00e9m as diferen\u00e7as culturais entre as partes envolvidas, sendo, por esse motivo, que muitas vezes os nossos clientes solicitam a presen\u00e7a dos s\u00f3cios da PLG em negocia\u00e7\u00f5es empresariais. Muitos dos advogados PLG falam duas ou mais l\u00ednguas, o que permite ao cliente a condu\u00e7\u00e3o do seu neg\u00f3cio fora do seu pa\u00eds de origem, muitas vezes na sua l\u00edngua nativa.<\/p>\n<p>As nossas associadas disponibilizam os seus escrit\u00f3rios a todas as firmas-membro da PLG e aos seus clientes para reuni\u00f5es, com ou sem a assist\u00eancia de int\u00e9rpretes ou conselheiros legais locais. Desde 1988 a PLG expandiu-se e agora tem 28 sociedades membro de mais de 50 cidades em 32 pa\u00edses. Para al\u00e9m da sua representa\u00e7\u00e3o nas principais cidades da Uni\u00e3o Europeia, temos escrit\u00f3rios associados na Am\u00e9rica do Norte e do Sul e na \u00c1sia, num total de mais de 1100 advogados e not\u00e1rios.<\/p>\n<h3>Todas as firmas-membro da PLG s\u00e3o entidades independentes e aut\u00f3nomas<\/h3>\n<p>A PLG tem os seus escrit\u00f3rios centrais em Luxemburgo, no cora\u00e7\u00e3o da Europa, onde est\u00e1 sediado, a tempo inteiro, o seu secretariado dirigido por Rebecca Lee.<\/p>\n<\/div>\n<\/div><\/div><\/div><\/div><\/div><\/div>","protected":false},"excerpt":{"rendered":"<p>O web site da PLG apenas est\u00e1 dispon\u00edvel em Ingl\u00eas. No entanto, os web sites das nossas firmas-membro espalhadas por todo o mundo est\u00e3o dispon\u00edveis em, pelo menos, duas l\u00ednguas, ex. a l\u00edngua local e Ingl\u00eas. Alguns deles est\u00e3o dispon\u00edveis em mais de duas l\u00ednguas. Para consultar os web sites dos nossos membros, por favor<\/p>\n","protected":false},"author":8,"featured_media":0,"parent":0,"menu_order":0,"comment_status":"closed","ping_status":"closed","template":"","meta":{"footnotes":""},"class_list":["post-259","page","type-page","status-publish","hentry"],"aioseo_notices":[],"_links":{"self":[{"href":"https:\/\/plg.eu.com\/pt-pt\/wp-json\/wp\/v2\/pages\/259","targetHints":{"allow":["GET"]}}],"collection":[{"href":"https:\/\/plg.eu.com\/pt-pt\/wp-json\/wp\/v2\/pages"}],"about":[{"href":"https:\/\/plg.eu.com\/pt-pt\/wp-json\/wp\/v2\/types\/page"}],"author":[{"embeddable":true,"href":"https:\/\/plg.eu.com\/pt-pt\/wp-json\/wp\/v2\/users\/8"}],"replies":[{"embeddable":true,"href":"https:\/\/plg.eu.com\/pt-pt\/wp-json\/wp\/v2\/comments?post=259"}],"version-history":[{"count":5,"href":"https:\/\/plg.eu.com\/pt-pt\/wp-json\/wp\/v2\/pages\/259\/revisions"}],"predecessor-version":[{"id":979,"href":"https:\/\/plg.eu.com\/pt-pt\/wp-json\/wp\/v2\/pages\/259\/revisions\/979"}],"wp:attachment":[{"href":"https:\/\/plg.eu.com\/pt-pt\/wp-json\/wp\/v2\/media?parent=259"}],"curies":[{"name":"wp","href":"https:\/\/api.w.org\/{rel}","templated":true}]}}